{"id":3489,"date":"2019-02-20T16:25:44","date_gmt":"2019-02-20T16:25:44","guid":{"rendered":"https:\/\/www.inkatrailbackpacker.com\/?page_id=1597"},"modified":"2019-02-20T16:25:44","modified_gmt":"2019-02-20T16:25:44","slug":"comida-en-el-camino","status":"publish","type":"page","link":"https:\/\/www.inkatrailbackpacker.com\/blog\/comida-en-el-camino","title":{"rendered":"Nuestra Comida en el Camino Inca"},"content":{"rendered":"<div class=\"title_items_food\">\n<p>Nuestras comidas son casi siempre son lo que mas sobre sale en todas nuestras caminatas. Todos los alimentos se preparan a partir de vegetales org\u00e1nicos e ingredientes frescos comprados en los mercados locales de Cusco, transportados por los porteros y luego preparados por el chef.<\/p>\n<p>Adem\u00e1s, nos enorgullece decir que en tour del <a href=\"https:\/\/www.inkatrailbackpacker.com\/es\/camino-inca-clasico-a-machu-picchu-4-dias-3-noches\"><strong>Camino Inca Clasico<\/strong> <\/a>las \u00fanicas quejas que recibimos sobre nuestra comida es que hay demasiada. Muchas personas comentan que la comida que comen en las caminatas es la mejor que obtienen mientras est\u00e1n en Per\u00fa.<\/p>\n<p><strong>Un ejemplo de men\u00fa es el siguiente:<\/strong><\/p>\n<\/div>\n<div class=\"container_items_food\">\n<div class=\"items_food\">\n<p><div class=\"items_food_img\"><img decoding=\"async\" loading=\"lazy\" class=\"alignnone size-full wp-image-3908\" src=\"https:\/\/www.inkatrailbackpacker.com\/wp-content\/uploads\/2023\/02\/food-breakfast.-inka-trail.jpg\" alt=\"-\" width=\"430\" height=\"300\" title=\"\"><\/p>\n<\/div>\n<div class=\"items_food_txt\">\n<h2><strong>Desayuno<\/strong><\/h2>\n<p>Huevos revueltos, tortillas, tostadas, mantequilla, mermelada, ensalada de frutas, yogur, chocolate caliente, jugo de naranja, leche, caf\u00e9 y una abundante cantidad de pan junto con una amplia variedad de t\u00e9s y otras bebidas, especialmente milo. Una bebida energ\u00e9tica con sabor a chocolate.<\/p>\n<\/div>\n<\/div>\n<div class=\"items_food\">\n<p><div class=\"items_food_img\"><img decoding=\"async\" loading=\"lazy\" class=\"alignnone size-full wp-image-3907\" src=\"https:\/\/www.inkatrailbackpacker.com\/wp-content\/uploads\/2023\/02\/food-snack.-inka-trail.jpg\" alt=\"-\" width=\"430\" height=\"300\" title=\"\"><\/p>\n<\/div>\n<div class=\"items_food_txt\">\n<h2><strong>Snack<\/strong><\/h2>\n<p>Todos los d\u00edas se le proporciona un snacks para comer durante el trekking, esto suele ser algo as\u00ed como un power bar + fruta o galletas + fruta.<\/p>\n<\/div>\n<\/div>\n<div class=\"items_food\">\n<p><div class=\"items_food_img\"><strong><img decoding=\"async\" loading=\"lazy\" class=\"alignnone size-full wp-image-3889\" src=\"https:\/\/www.inkatrailbackpacker.com\/wp-content\/uploads\/2023\/02\/food-launch.-inka-trail-inti-sun-trek.jpg\" alt=\"-\" width=\"430\" height=\"300\" title=\"\"><\/strong><\/p>\n<\/div>\n<div class=\"items_food_txt\">\n<h2><strong>Almuerzo<\/strong><\/h2>\n<p>rodajas de aguacate espolvoreado con queso parmesano, junto con algunos dulces. Luego pan de ajo, sopa de esp\u00e1rragos, arroz, trucha frita, coliflor al vapor, zanahorias, frijoles y m\u00e1s.<\/p>\n<\/div>\n<\/div>\n<div class=\"items_food\">\n<p><div class=\"items_food_img\"><img decoding=\"async\" loading=\"lazy\" class=\"alignnone size-full wp-image-3906\" src=\"https:\/\/www.inkatrailbackpacker.com\/wp-content\/uploads\/2023\/02\/food-happy-hour.-inka-trail-inti-sun-trek.jpg\" alt=\"-\" width=\"430\" height=\"300\" title=\"\"><\/p>\n<\/div>\n<div class=\"items_food_txt\">\n<h2><strong>Happy Hour ( la hora feliz)<\/strong><\/h2>\n<p>Cada tarde alrededor de las 5 p.m. Servimos chocolate caliente, t\u00e9, palomitas de ma\u00edz, galletas, pan y mermelada.<\/p>\n<\/div>\n<\/div>\n<div class=\"items_food\">\n<p><div class=\"items_food_img\"><img decoding=\"async\" loading=\"lazy\" class=\"alignnone size-full wp-image-4153\" src=\"https:\/\/www.inkatrailbackpacker.com\/wp-content\/uploads\/2023\/02\/cena-camino-inca.jpg\" alt=\"-\" width=\"430\" height=\"300\" title=\"\"><\/p>\n<\/div>\n<div class=\"items_food_txt\">\n<p><strong>A las 7:00 p.m. Se servir\u00e1 la\u00a0 Cena<\/strong> que puede consistir en un crema de sopa de ma\u00edz, fideos con verduras, muslos de pollo que llamamos \u00abPiernas de C\u00f3ndor\u00bb, papas fritas rellenas de queso, pasteles de coliflor \u00abarrozales\u00bb y m\u00e1s.<\/p>\n<\/div>\n<\/div>\n<p><strong>Nota:<\/strong> no usamos ning\u00fan tipo de alimentos enlatados o deshidratados para nuestra caminata, solo ingredientes frescos.<\/p>\n<p>\u00bfP<strong>uedo tener comidas vegetarianas?<\/strong><br \/>\nNuestros cocineros con mucho gusto pueden ofrecer comidas vegetarianas. Por favor, h\u00e1ganos saber sus necesidades diet\u00e9ticas cuando reserve su viaje.<\/p>\n<p><strong>\u00bfPuedo tener comidas veganas?<\/strong><br \/>\nTodos nuestros cocineros est\u00e1n capacitados para poder preparar comidas veganas. H\u00e1ganos saber si es vegano estricto y env\u00edenos una lista de los alimentos que no puede comer.<\/p>\n<p><strong>Tengo una alergia alimentaria o requisitos diet\u00e9ticos especiales. \u00bfSe puede acomodar esto?<\/strong><br \/>\nTenemos muchos clientes que tienen alergias a nueces, trigo, etc. Por favor, denos los detalles de su alergia en el momento de la reserva para que podamos organizar su alimentaci\u00f3n de acuerdo a sus necesidades. H\u00e1ganos saber la gravedad\u00a0 que le causa y qu\u00e9 tipo de medicamento que traer\u00e1 consigo en caso de una emergencia. Si su alergia es grave, debe ir acompa\u00f1ado por un amigo en la caminata que tenga conocimiento sobre su alergia y c\u00f3mo administrar cualquier medicamento.<\/p>\n<p><strong>MUY IMPORTANTE:<\/strong> debido a la naturaleza de la ubicaci\u00f3n geogr\u00e1fica remota de las caminatas y la falta de instalaciones m\u00e9dicas cercanas Y\u00a0 adecuadas,<strong> INKA TRAIL BACKPACKER<\/strong> no aceptar\u00e1 ninguna responsabilidad, directa o indirectamente, por cualquier problema debido a sus necesidades m\u00e9dicas o diet\u00e9ticas especiales. Le sugerimos que consulte con su m\u00e9dico antes de reservar la caminata.<\/p>\n<p><b>Proporcionan Agua en el tour del<a href=\"https:\/\/www.inkatrailbackpacker.com\/es\/camino-inca-clasico-a-machu-picchu-4-dias-3-noches\"> Camino Inca Clasico<\/a> ?\u00a0<\/b> Si tu usted\u00a0realiza el tour del Camino Inca\u00a0le proporcionaremos agua fr\u00eda hervida y filtrada durante la caminata despu\u00e9s del desayuno del segundo dia .\u00a0 Para lo cual usted necesitar\u00e1 traer\u00a0 su<b>\u00a0cantimplora\u00a0o camelback\u00a0<\/b> para llevar su agua. Adem\u00e1s, debe asegurarse de empacar una cantidad suficiente de agua para el primer\u00a0 d\u00eda de la caminata<\/p>\n<p><b>Proporcionan Agua en el tour del Salkantay Trek ? <\/b>En este tour usted siempre\u00a0 tendr\u00e1 la opci\u00f3n de comprar agua\u00a0 en cada campamento o en los lugares donde nos detenemos para almorzar y\u00a0 descansar. Para lo cual usted necesitar\u00e1 traer\u00a0 su<b>\u00a0cantimplora\u00a0o camelback\u00a0<\/b> para llevar su agua. Adem\u00e1s, debe asegurarse de empacar una cantidad suficiente de agua para el primer\u00a0 d\u00eda de la caminata<\/p>\n<p><strong>Porque proporcionan agua en el tour del Camino Inca Clasico\u00a0 y no el tour de Salkantay Trek?<\/strong><\/p>\n<p>EL motivo principal es que el Camino Inca Clasico solo pasamos por un poblado en el primer dia ya que en los\u00a0 siguiente dias son areas protejidas donde no hay ningun tipo de poblacion , A diferencia de la Caminata Salkantay trek en donde pasaremos por muchas poblaciones que les daran siempre la bienvenida<\/p>\n<\/div>\n","protected":false},"excerpt":{"rendered":"<p>Nuestras comidas son casi siempre son lo que mas sobre sale en todas nuestras caminatas. Todos los alimentos se preparan a partir de vegetales org\u00e1nicos e ingredientes frescos comprados en los mercados locales de Cusco, transportados por los porteros y luego preparados por el chef. Adem\u00e1s, nos enorgullece decir que en tour del Camino Inca [&hellip;]<\/p>\n","protected":false},"author":1,"featured_media":0,"parent":0,"menu_order":14,"comment_status":"closed","ping_status":"closed","template":"","meta":{"footnotes":""},"_links":{"self":[{"href":"https:\/\/www.inkatrailbackpacker.com\/blog\/wp-json\/wp\/v2\/pages\/3489"}],"collection":[{"href":"https:\/\/www.inkatrailbackpacker.com\/blog\/wp-json\/wp\/v2\/pages"}],"about":[{"href":"https:\/\/www.inkatrailbackpacker.com\/blog\/wp-json\/wp\/v2\/types\/page"}],"author":[{"embeddable":true,"href":"https:\/\/www.inkatrailbackpacker.com\/blog\/wp-json\/wp\/v2\/users\/1"}],"replies":[{"embeddable":true,"href":"https:\/\/www.inkatrailbackpacker.com\/blog\/wp-json\/wp\/v2\/comments?post=3489"}],"version-history":[{"count":0,"href":"https:\/\/www.inkatrailbackpacker.com\/blog\/wp-json\/wp\/v2\/pages\/3489\/revisions"}],"wp:attachment":[{"href":"https:\/\/www.inkatrailbackpacker.com\/blog\/wp-json\/wp\/v2\/media?parent=3489"}],"curies":[{"name":"wp","href":"https:\/\/api.w.org\/{rel}","templated":true}]}}