{"id":175,"date":"2016-08-17T14:37:39","date_gmt":"2016-08-17T14:37:39","guid":{"rendered":"https:\/\/www.inkatrailbackpacker.com\/?page_id=175"},"modified":"2024-01-25T16:12:38","modified_gmt":"2024-01-25T21:12:38","slug":"disponibilidad-para-el-camino-inca-de-2-dias","status":"publish","type":"page","link":"https:\/\/www.inkatrailbackpacker.com\/blog\/disponibilidad-para-el-camino-inca-de-2-dias","title":{"rendered":"Disponibilidad para el Camino Inca de 2 dias &#8211; 2024"},"content":{"rendered":"<p><b>Tenemos disponibilidad para el <\/b><a style=\"font-weight: bold;\" href=\"https:\/\/www.inkatrailbackpacker.com\/es\/camino-inca-a-machu-picchu-corto-2-dias-1-noche\">Camino Inca corto a Machu Picchu de 2 d\u00edas \/1 noche<\/a><b> todos los d\u00edas de todos los meses del a\u00f1o 2024<br \/>\n<\/b><\/p>\n<p>Este a\u00f1o, las autoridades del Camino Inca han realizado del incrementado de 250 permisos, espacios disponibles s\u00f3lo para el Camino Inca corto a Machu Picchu de 2 d\u00edas para cada mes del a\u00f1o 2023,2024 sin embargo, estos permisos, espacios adicionales a\u00fan no se pueden ver en su p\u00e1gina web oficial debido a que se encuentra en construcci\u00f3n un nuevo modelo que permita a los turista verlos en l\u00ednea<\/p>\n<p>La disponibilidad de estos permisos solo pueden ser vistos por operadores oficial de camino Inca mediante su c\u00f3digo de autorizaci\u00f3n, Es p\u00f2r eso que nosotros ponemos en su conocimiento dichos espacios disponible para que usted No pierda la oportunidad de recorrer una de los mejores caminata de un d\u00eda hacia Machu Picchu<\/p>\n<p><strong>El precio del Camino Inca corto a Machu Picchu es de 410 d\u00f3lares por persona.\u00a0<\/strong>Tambi\u00e9n le ofrecemos las diferentes versiones del Camino Inca corto combinado con otros tours tradicionales!<\/p>\n<p><a href=\"https:\/\/www.inkatrailbackpacker.com\/es\/camino-inca-a-machu-picchu-corto-2-dias-1-noche\">Camino Inca corto de 2 d\u00edas \/ 1 noche<\/a><br \/>\n<a href=\"https:\/\/www.inkatrailbackpacker.com\/es\/tour-del-valle-sagrado-y-camino-inca-corto-a-machu-picchu-y-3-dias-2-noches\">Tour del valle Sagrado y Camino Inca Corto 3d \/ 2n<\/a><\/p>\n<p>Para la realizaci\u00f3n de su reserva necesitaremos la siguiente informaci\u00f3n de cada uno de los participantes de su grupo<\/p>\n<p><strong>Nombre completo:<\/strong><br \/>\n<strong>Nacionalidad:<\/strong><br \/>\n<strong>N\u00famero de pasaporte:<\/strong><br \/>\n<strong>Fecha de Nacimiento<\/strong><br \/>\n<strong>G\u00e9nero:<\/strong><\/p>\n<p><strong>Adem\u00e1s,<\/strong> necesitaremos que nos indique la fecha de inicio de la caminata y una fecha alternativa en caso que los espacios ya no est\u00e9n disponibles en la primera fecha que eligi\u00f3, tambi\u00e9n indiquemos el tama\u00f1o estimado de su grupo.<\/p>\n<p>Por \u00faltimo, necesitaremos que realice un dep\u00f3sito para asegurar sus permiso de Camino Inca y sus boletos de tren.<\/p>\n<p>Aceptamos dep\u00f3sitos a trav\u00e9s de PayPal or Western Union y Visa en Linea<\/p>\n<p><strong>EL dep\u00f3sito\u00a0que usted debe enviar por PayPal o Visa en Linea es de US $200 d\u00f3lares por persona.<\/strong> Sin embargo PayPal nos cobra una tasa del 6% por el uso de su servicio internacionales. Por lo que el dep\u00f3sito que usted tiene que enviarnos es de US $212 d\u00f3lares por persona. Es importante que usted sepa que la tasa que Paypal nos cobra, no es parte del precio del tour. Por favor envie su deposito a trav\u00e9s de PayPal a<br \/>\nWestern Union<\/p>\n<p>Si usted desea hacer el pago a trav\u00e9s de Western Uni\u00f3n necesita presentar la siguiente informaci\u00f3n:<\/p>\n<p><strong>Nombre:<\/strong> \u00darsula Carolina<br \/>\n<strong>Apellidos:<\/strong> Corvacho Manzano<\/p>\n<p><strong>Direcci\u00f3n de nuestra oficina:<\/strong> Calle Triunfo 392 centro Artesanal Arte Inka oficina 209 segundo piso. Por favor verifique que usted haya escrito o copiado bien el nombre.<\/p>\n<p><strong>Nota:<\/strong> Estos costos de transacci\u00f3n no est\u00e1n incluidos en ninguno de nuestros tours, excursiones y caminatas. Esos gastos son cubiertos por nuestros cliente.<\/p>\n<p><strong>El pago del saldo final<\/strong>: Nosotros requerimos que el pago de su saldo final se haga en nuestra oficina por lo menos 48 o 24 horas antes de la salida de su tour o excursi\u00f3n. Dicho pago tendr\u00e1 que hacerse en efectivo en d\u00f3lares Americanos o en nuevos soles peruanos.<\/p>\n<p>Si tiene previsto llegar en el mismo d\u00eda de la salida del tour, el saldo restante debe ser pagado por adelantado (1 semana antes) a trav\u00e9s de los m\u00e9todos anteriores de pago. El cliente debe pagar todos los gastos de transacci\u00f3n.<\/p>\n<p><strong>Importante:<\/strong> En el caso de que el pago del saldo final no se haya realizado en el tiempo mencionado, Nosotros nos reservamos el derecho de cancelar la reserva por incumplimiento y no habr\u00e1 derecho a reembolso. Toda cancelaci\u00f3n se realizar\u00e1 previa notificaci\u00f3n.<\/p>\n","protected":false},"excerpt":{"rendered":"<p>Tenemos disponibilidad para el Camino Inca corto a Machu Picchu de 2 d\u00edas \/1 noche todos los d\u00edas de todos los meses del a\u00f1o 2024 Este a\u00f1o, las autoridades del Camino Inca han realizado del incrementado de 250 permisos, espacios disponibles s\u00f3lo para el Camino Inca corto a Machu Picchu de 2 d\u00edas para cada [&hellip;]<\/p>\n","protected":false},"author":1,"featured_media":4589,"parent":0,"menu_order":20,"comment_status":"closed","ping_status":"closed","template":"","meta":{"footnotes":""},"_links":{"self":[{"href":"https:\/\/www.inkatrailbackpacker.com\/blog\/wp-json\/wp\/v2\/pages\/175"}],"collection":[{"href":"https:\/\/www.inkatrailbackpacker.com\/blog\/wp-json\/wp\/v2\/pages"}],"about":[{"href":"https:\/\/www.inkatrailbackpacker.com\/blog\/wp-json\/wp\/v2\/types\/page"}],"author":[{"embeddable":true,"href":"https:\/\/www.inkatrailbackpacker.com\/blog\/wp-json\/wp\/v2\/users\/1"}],"replies":[{"embeddable":true,"href":"https:\/\/www.inkatrailbackpacker.com\/blog\/wp-json\/wp\/v2\/comments?post=175"}],"version-history":[{"count":5,"href":"https:\/\/www.inkatrailbackpacker.com\/blog\/wp-json\/wp\/v2\/pages\/175\/revisions"}],"predecessor-version":[{"id":5137,"href":"https:\/\/www.inkatrailbackpacker.com\/blog\/wp-json\/wp\/v2\/pages\/175\/revisions\/5137"}],"wp:featuredmedia":[{"embeddable":true,"href":"https:\/\/www.inkatrailbackpacker.com\/blog\/wp-json\/wp\/v2\/media\/4589"}],"wp:attachment":[{"href":"https:\/\/www.inkatrailbackpacker.com\/blog\/wp-json\/wp\/v2\/media?parent=175"}],"curies":[{"name":"wp","href":"https:\/\/api.w.org\/{rel}","templated":true}]}}