{"id":1602,"date":"2019-02-20T16:34:49","date_gmt":"2019-02-20T16:34:49","guid":{"rendered":"https:\/\/www.inkatrailbackpacker.com\/?page_id=1602"},"modified":"2019-02-20T16:34:49","modified_gmt":"2019-02-20T16:34:49","slug":"nuestro-equipo","status":"publish","type":"page","link":"https:\/\/www.inkatrailbackpacker.com\/blog\/nuestro-equipo","title":{"rendered":"Los equipos de trekking que proveemos para las caminatas a Machupicchu"},"content":{"rendered":"<div class=\"title_items_equipment\">\n<p>En <strong>Inka Trail Backpacker<\/strong> nos dedicamos a asegurarnos de tener el mejor equipo de campamento disponible.En las Caminatas a Machu Picchu Recorrer\u00e1 una amplia gama de terrenos con climas c\u00e1lidos hasta nieve en climas fr\u00edos. Es por eso que utilizamos equipo de campamento de alta calidad y con caracter\u00edsticas \u00f3ptimas para las diferentes altitudes y climas durante la caminata elegida.<\/p>\n<\/div>\n<div class=\"container_items_equipment\">\n<div class=\"items_equipment\">\n<p><div class=\"items_equipment_img\"><img decoding=\"async\" loading=\"lazy\" class=\"alignnone size-full wp-image-3873\" src=\"https:\/\/www.inkatrailbackpacker.com\/wp-content\/uploads\/2023\/02\/tents-treks-to-machupicchu-1.png\" alt=\"-\" width=\"529\" height=\"272\" title=\"\"><\/p>\n<\/div>\n<div class=\"items_equipment_txt\">\n<h2><strong>Tiendas de campa\u00f1a<\/strong><\/h2>\n<p>Duerma bien en nuestras amplias y acogedoras carpas Doite Pro Aconcagua. Estas carpas igl\u00fa tienen una altura de 1.20 mt \/ 4ft y 2.60 mt \/ 8.5ft en su punto m\u00e1s ancho, con capacidad para cuatro personas c\u00f3modamente. Sin embargo, solo colocamos a dos personas en cada tienda, garantizando mucho espacio para que pueda estirarse y acomodarse completamente y tambien ahi podra acomodar sus mochilas<\/p>\n<\/div>\n<\/div>\n<div class=\"items_equipment\">\n<p><div class=\"items_equipment_img\"><img decoding=\"async\" loading=\"lazy\" class=\"alignnone size-full wp-image-3866\" src=\"https:\/\/www.inkatrailbackpacker.com\/wp-content\/uploads\/2023\/02\/dining-tent-treks-to-machupicchu.png\" alt=\"-\" width=\"464\" height=\"280\" title=\"\"><\/p>\n<p>&nbsp;<\/p>\n<\/div>\n<div class=\"items_equipment_txt\">\n<h2><strong>La carpa comedor<\/strong><\/h2>\n<p>Se convertir\u00e1 en el coraz\u00f3n y el alma de cada uno de nuestros campings, ya que nos relajamos juntos durante las comidas en un ambiente agradable y acogedor, perfecto para conocer a sus compa\u00f1eros caminantes.<\/p>\n<\/div>\n<\/div>\n<div class=\"items_equipment\">\n<div class=\"items_equipment_img\">\n<p><img decoding=\"async\" loading=\"lazy\" class=\"alignnone size-full wp-image-4019\" src=\"https:\/\/www.inkatrailbackpacker.com\/wp-content\/uploads\/2023\/02\/silla-plegable-inka-trail-machupicchu.png\" alt=\"-\" width=\"1000\" height=\"1000\" title=\"\"><\/p>\n<\/div>\n<div class=\"items_equipment_txt\">\n<h2><strong>Mesas y sillas<\/strong><\/h2>\n<p>La carpa comedor es lo suficientemente grande como para acomodar mesas y sillas, con dos puertas a cada lado para facilitar la entrada y salida. En d\u00edas con buen clima, los dejaremos abiertos para que pueda comer con paisajes que ofrecen vistas inolvidables; Durante la noche o en malas condiciones climatalogiicas, los cerraremos para permitirle disfrutar de su comidas<\/p>\n<\/div>\n<\/div>\n<div class=\"items_equipment\">\n<div class=\"items_equipment_img\">\n<p><img decoding=\"async\" loading=\"lazy\" class=\"alignnone size-full wp-image-3869\" src=\"https:\/\/www.inkatrailbackpacker.com\/wp-content\/uploads\/2023\/02\/mattress-treks-to-machupicchu.png\" alt=\"-\" width=\"323\" height=\"351\" title=\"\"><\/p>\n<\/div>\n<div class=\"items_equipment_txt\">\n<h2><strong>Colchonetas para dormir<\/strong><\/h2>\n<p>Para aislar su cuerpo del suelo que absorbe el calor mientras duerme, le proporcionamos una colchoneta de espuma que sera colocado debajo de su saco de dormir. Esta colchoneta proporciona cierta comodidad, pero los viajeros que buscan un poco m\u00e1s de lujo pueden alquilar un colch\u00f3n de aire en nuestra oficina, que agrega varias pulgadas de coj\u00edn para protegerlo del duro terreno monta\u00f1oso.<\/p>\n<\/div>\n<\/div>\n<div class=\"items_equipment\">\n<div class=\"items_equipment_img\">\n<p><img decoding=\"async\" loading=\"lazy\" class=\"alignnone size-full wp-image-4114\" src=\"https:\/\/www.inkatrailbackpacker.com\/wp-content\/uploads\/2023\/02\/sleeping-bag-treks-to-machupicchu-1.png\" alt=\"-\" width=\"670\" height=\"810\" title=\"\"><\/p>\n<\/div>\n<div class=\"items_equipment_txt\">\n<h2><strong>Bolsas de dormir<\/strong><\/h2>\n<p>\u00bfNo trajiste un saco de dormir a Cusco? No te preocupes, Inka Trail Backpacker tiene incre\u00edblemente c\u00e1lidos sacos de dormir estilo momia para alquilar por solo $ 20 por persona durante toda la caminata. Calificados para temperaturas tan bajas como -10 \u00b0 C y lavados antes de cada uso, lo envolver\u00e1n en comodidad durante las noches fr\u00edas en el sendero. Tambi\u00e9n incluimos forros de bolsas de dormir, que repasan las bolsas de dormir, en los meses de invierno. \u00a1Incluso los excursionistas m\u00e1s altos pueden esperar una buena noche de sue\u00f1o en nuestros sacos de dormir que son adecuados para alturas de hasta 2,30 mt \/ 7,5 pies!<\/p>\n<\/div>\n<\/div>\n<div class=\"items_equipment\">\n<div class=\"items_equipment_img\">\n<p><img decoding=\"async\" loading=\"lazy\" class=\"alignnone size-full wp-image-3878\" src=\"https:\/\/www.inkatrailbackpacker.com\/wp-content\/uploads\/2023\/02\/walking-sticks-treks-to-machupicchu.png\" alt=\"-\" width=\"392\" height=\"713\" title=\"\"><\/p>\n<\/div>\n<div class=\"items_equipment_txt\">\n<h2><strong>Bastones de senderismo\/ trekking<\/strong><\/h2>\n<p>Alquile un par de nuestros bastones de trekking Black Diamond para ayudarlo a ascender por las pendientes m\u00e1s pronunciadas de su caminata. Se pliegan f\u00e1cilmente para su almacenamiento cuando no los necesita, y son ajustables, con agarres y puntas resistentes, para cuando lo haga. Incluso los excursionistas experimentados agradecer\u00e1n la estabilidad adicional, el equilibrio y la reducci\u00f3n de la tensi\u00f3n de la rodilla con estos postes de grado profesional.<\/p>\n","protected":false},"excerpt":{"rendered":"<p>En Inka Trail Backpacker nos dedicamos a asegurarnos de tener el mejor equipo de campamento disponible.En las Caminatas a Machu Picchu Recorrer\u00e1 una amplia gama de terrenos con climas c\u00e1lidos hasta nieve en climas fr\u00edos. Es por eso que utilizamos equipo de campamento de alta calidad y con caracter\u00edsticas \u00f3ptimas para las diferentes altitudes y [&hellip;]<\/p>\n","protected":false},"author":1,"featured_media":0,"parent":0,"menu_order":30,"comment_status":"closed","ping_status":"closed","template":"","meta":{"footnotes":""},"_links":{"self":[{"href":"https:\/\/www.inkatrailbackpacker.com\/blog\/wp-json\/wp\/v2\/pages\/1602"}],"collection":[{"href":"https:\/\/www.inkatrailbackpacker.com\/blog\/wp-json\/wp\/v2\/pages"}],"about":[{"href":"https:\/\/www.inkatrailbackpacker.com\/blog\/wp-json\/wp\/v2\/types\/page"}],"author":[{"embeddable":true,"href":"https:\/\/www.inkatrailbackpacker.com\/blog\/wp-json\/wp\/v2\/users\/1"}],"replies":[{"embeddable":true,"href":"https:\/\/www.inkatrailbackpacker.com\/blog\/wp-json\/wp\/v2\/comments?post=1602"}],"version-history":[{"count":0,"href":"https:\/\/www.inkatrailbackpacker.com\/blog\/wp-json\/wp\/v2\/pages\/1602\/revisions"}],"wp:attachment":[{"href":"https:\/\/www.inkatrailbackpacker.com\/blog\/wp-json\/wp\/v2\/media?parent=1602"}],"curies":[{"name":"wp","href":"https:\/\/api.w.org\/{rel}","templated":true}]}}